{"id":2167,"date":"2025-10-25T08:06:54","date_gmt":"2025-10-25T06:06:54","guid":{"rendered":"https:\/\/www.eco-flughafentaxi-wien.at\/?page_id=2167"},"modified":"2026-04-11T00:49:18","modified_gmt":"2026-04-10T22:49:18","slug":"flughafentaxi-in-2500-baden-bei-wien","status":"publish","type":"page","link":"https:\/\/www.eco-flughafentaxi-wien.at\/en\/flughafentaxi-in-2500-baden-bei-wien\/","title":{"rendered":"Flughafentaxi in 2500 Baden bei Wien"},"content":{"rendered":"\n[et_pb_section fb_built=&#8220;1&#8243; _builder_version=&#8220;4.27.4&#8243; _module_preset=&#8220;default&#8220; width=&#8220;100%&#8220; width_tablet=&#8220;100%&#8220; width_phone=&#8220;100%&#8220; width_last_edited=&#8220;on|phone&#8220; module_alignment=&#8220;center&#8220; module_alignment_tablet=&#8220;center&#8220; module_alignment_phone=&#8220;center&#8220; module_alignment_last_edited=&#8220;on|phone&#8220; global_colors_info=&#8220;{}&#8220;][et_pb_row _builder_version=&#8220;4.27.4&#8243; _module_preset=&#8220;default&#8220; width=&#8220;90%&#8220; module_alignment=&#8220;center&#8220; min_height=&#8220;110.4px&#8220; custom_padding=&#8220;|||8px|false|false&#8220; border_radii=&#8220;on|8px|8px|8px|8px&#8220; border_width_left=&#8220;4px&#8220; border_color_left=&#8220;#2D657F&#8220; box_shadow_style=&#8220;preset1&#8243; box_shadow_blur=&#8220;8px&#8220; global_colors_info=&#8220;{}&#8220;][et_pb_column type=&#8220;4_4&#8243; _builder_version=&#8220;4.27.4&#8243; _module_preset=&#8220;default&#8220; global_colors_info=&#8220;{}&#8220;][et_pb_text _builder_version=&#8220;4.27.4&#8243; _module_preset=&#8220;default&#8220; text_font=&#8220;Montserrat|&#8211;et_global_body_font_weight|||||||&#8220; text_text_color=&#8220;#2D657F&#8220; text_font_size=&#8220;18px&#8220; header_font=&#8220;Montserrat|700|||||||&#8220; header_text_color=&#8220;#2D657F&#8220; header_font_size=&#8220;34px&#8220; global_colors_info=&#8220;{}&#8220;]<p data-start=\"321\" data-end=\"611\" style=\"text-align: justify;\"><img loading=\"lazy\" decoding=\"async\" src=\"https:\/\/www.eco-flughafentaxi-wien.at\/wp-content\/uploads\/2025\/10\/airplane1-e1761514078236-300x187.png\" width=\"48\" height=\"30\" alt=\"\" class=\"wp-image-2207 alignnone size-medium\" \/>Zum und vom Flughafen<\/p>\n<h1 data-start=\"321\" data-end=\"611\">Flughafentaxi Baden zum\u00a0Fixpreis<\/h1>[\/et_pb_text][\/et_pb_column][\/et_pb_row][et_pb_row _builder_version=&#8220;4.27.4&#8243; _module_preset=&#8220;default&#8220; global_colors_info=&#8220;{}&#8220;][et_pb_column type=&#8220;4_4&#8243; _builder_version=&#8220;4.27.4&#8243; _module_preset=&#8220;default&#8220; global_colors_info=&#8220;{}&#8220;][et_pb_text _builder_version=&#8220;4.27.4&#8243; _module_preset=&#8220;default&#8220; text_font=&#8220;Montserrat||||||||&#8220; text_text_color=&#8220;#2D657F&#8220; text_font_size=&#8220;18px&#8220; text_orientation=&#8220;center&#8220; min_height=&#8220;95.2px&#8220; global_colors_info=&#8220;{}&#8220;]<p>Willkommen bei <strong data-start=\"336\" data-end=\"362\">ECO Flughafentaxi Wien<\/strong>, Ihrem professionellen Partner f\u00fcr <strong data-start=\"398\" data-end=\"447\">komfortable und p\u00fcnktliche Flughafentransfers<\/strong> in <strong data-start=\"451\" data-end=\"474\">2500 Baden bei Wien<\/strong>.<br data-start=\"475\" data-end=\"478\" \/>Wir bieten Ihnen eine sichere, bequeme und preiswerte Fahrt zum und vom <strong data-start=\"550\" data-end=\"568\">Flughafen Wien<\/strong>\u00a0<strong data-start=\"571\" data-end=\"610\">24 Stunden am Tag, 7 Tage die Woche<\/strong>.<\/p>[\/et_pb_text][\/et_pb_column][\/et_pb_row][et_pb_row _builder_version=&#8220;4.27.4&#8243; _module_preset=&#8220;default&#8220; min_height=&#8220;70px&#8220; global_colors_info=&#8220;{}&#8220;][et_pb_column type=&#8220;4_4&#8243; _builder_version=&#8220;4.27.4&#8243; _module_preset=&#8220;default&#8220; global_colors_info=&#8220;{}&#8220;][et_pb_heading title=&#8220;Ihr Flughafentaxi-Service in Baden bei Wien&#8220; _builder_version=&#8220;4.27.4&#8243; _module_preset=&#8220;default&#8220; title_level=&#8220;h2&#8243; title_font=&#8220;Montserrat|700|||||||&#8220; title_text_align=&#8220;center&#8220; title_text_color=&#8220;#2D657F&#8220; title_font_size=&#8220;32px&#8220; global_colors_info=&#8220;{}&#8220;][\/et_pb_heading][\/et_pb_column][\/et_pb_row][et_pb_row _builder_version=&#8220;4.27.4&#8243; _module_preset=&#8220;default&#8220; global_colors_info=&#8220;{}&#8220;][et_pb_column type=&#8220;4_4&#8243; _builder_version=&#8220;4.27.4&#8243; _module_preset=&#8220;default&#8220; global_colors_info=&#8220;{}&#8220;][et_pb_text _builder_version=&#8220;4.27.4&#8243; _module_preset=&#8220;default&#8220; text_font=&#8220;Montserrat||||||||&#8220; text_text_color=&#8220;#2D657F&#8220; text_font_size=&#8220;18px&#8220; header_font=&#8220;Poppins|500|||||||&#8220; header_text_color=&#8220;#000000&#8243; header_font_size=&#8220;32px&#8220; header_2_font=&#8220;Poppins|500|||||||&#8220; header_2_font_size=&#8220;30px&#8220; global_colors_info=&#8220;{}&#8220;]<p style=\"text-align: center;\">In Baden bei Wien und Umgebung bietet ECO Flughafentaxi Wien erstklassige, komfortable und p\u00fcnktliche Transfers zum Flughafen Wien-Schwechat.<br \/>Egal ob Sie gesch\u00e4ftlich unterwegs sind oder entspannt in den Urlaub starten mit uns beginnt Ihre Reise stressfrei.<\/p>\n<p>Unsere beliebtesten Dienstleistungen:<\/p>\n<ul>\n<li><strong>Pr\u00e4mie Baden Flughafen Taxi:<\/strong> Komfortable Direktfahrten zum Flughafen Wien mit h\u00f6chster Zuverl\u00e4ssigkeit.<\/li>\n<li><strong>Gesch\u00e4ft Transfer Baden:<\/strong> Professioneller Chauffeurservice f\u00fcr Gesch\u00e4ftsreisende mit garantierter P\u00fcnktlichkeit.<\/li>\n<li><strong>Privater Baden Flughafentransfer:<\/strong> Exklusive Fahrten von T\u00fcr zu T\u00fcr, individuell auf Ihren Zeitplan abgestimmt.<\/li>\n<li><strong>Baden Flughafen shuttle\u00a0Service:<\/strong> Ideal f\u00fcr Familien und Gruppen, schnell und g\u00fcnstig.<\/li>\n<\/ul>[\/et_pb_text][\/et_pb_column][\/et_pb_row][et_pb_row _builder_version=&#8220;4.27.4&#8243; _module_preset=&#8220;default&#8220; global_colors_info=&#8220;{}&#8220;][et_pb_column type=&#8220;4_4&#8243; _builder_version=&#8220;4.27.4&#8243; _module_preset=&#8220;default&#8220; global_colors_info=&#8220;{}&#8220;][et_pb_heading title=&#8220;Preisliste: 2500 Baden bei Wien f\u00fcr das Jahr 2025&#8243; _builder_version=&#8220;4.27.4&#8243; _module_preset=&#8220;default&#8220; title_level=&#8220;h2&#8243; title_font=&#8220;Montserrat|700|||||||&#8220; title_text_align=&#8220;center&#8220; title_text_color=&#8220;#2D657F&#8220; title_font_size=&#8220;32px&#8220; global_colors_info=&#8220;{}&#8220;][\/et_pb_heading][\/et_pb_column][\/et_pb_row][et_pb_row column_structure=&#8220;1_3,1_3,1_3&#8243; _builder_version=&#8220;4.27.4&#8243; _module_preset=&#8220;default&#8220; width_tablet=&#8220;&#8220; width_phone=&#8220;92%&#8220; width_last_edited=&#8220;on|phone&#8220; max_width_tablet=&#8220;&#8220; max_width_phone=&#8220;&#8220; max_width_last_edited=&#8220;on|phone&#8220; min_height=&#8220;367.1px&#8220; custom_margin=&#8220;||-8px||false|false&#8220; custom_padding=&#8220;|10px|0px|10px|false|false&#8220; animation_style=&#8220;slide&#8220; border_radii=&#8220;on|12px|12px|12px|12px&#8220; box_shadow_style=&#8220;preset6&#8243; box_shadow_blur=&#8220;8px&#8220; box_shadow_color=&#8220;#3988a8&#8243; global_colors_info=&#8220;{}&#8220;][et_pb_column type=&#8220;1_3&#8243; _builder_version=&#8220;4.27.4&#8243; _module_preset=&#8220;default&#8220; animation_style=&#8220;slide&#8220; global_colors_info=&#8220;{}&#8220;][et_pb_text content_tablet=&#8220;<table border=%221%22 style=%22border-collapse: collapse; width: 100%;%22>\n<tbody>\n<tr>\n<td style=%22width: 50%;%22><strong>Limousine<\/strong><\/td>\n<td style=%22width: 50%;%22><\/td>\n<\/tr>\n<tr>\n<td style=%22width: 50%;%22>\n<p><strong>Handgep\u00e4ck<\/strong><\/p>\n<p>bis maximal<\/p>\n<\/td>\n<td style=%22width: 50%;%22>2 Handgep\u00e4ck<\/td>\n<\/tr>\n<tr>\n<td style=%22width: 50%;%22>\n<p><strong>Koffer<\/strong><\/p>\n<p>bis maximal<\/p>\n<\/td>\n<td style=%22width: 50%;%22>2 Koffer<\/td>\n<\/tr>\n<tr>\n<td style=%22width: 50%;%22>\n<p><strong>Personen<\/strong><\/p>\n<p>bis maximal<\/p>\n<\/td>\n<td style=%22width: 50%;%22>3 Personen<\/td>\n<\/tr>\n<tr>\n<td style=%22width: 50%;%22>\n<p><strong>Preis<\/strong><\/p>\n<p>Pro Richtung<\/p>\n<\/td>\n<td style=%22width: 50%;%22><strong>60\u20ac<\/strong><\/td>\n<\/tr>\n<\/tbody>\n<\/table>&#8220; content_phone=&#8220;<table border=%221%22 style=%22border-collapse: collapse; width: 100%;%22>\n<tbody>\n<tr>\n<td style=%22width: 50%;%22><strong>Limousine<\/strong><\/td>\n<td style=%22width: 50%;%22><\/td>\n<\/tr>\n<tr>\n<td style=%22width: 50%;%22>\n<p><strong>Handgep\u00e4ck<\/strong><\/p>\n<p>bis maximal<\/p>\n<\/td>\n<td style=%22width: 50%;%22>2 Handgep\u00e4ck<\/td>\n<\/tr>\n<tr>\n<td style=%22width: 50%;%22>\n<p><strong>Koffer<\/strong><\/p>\n<p>bis maximal<\/p>\n<\/td>\n<td style=%22width: 50%;%22>2 Koffer<\/td>\n<\/tr>\n<tr>\n<td style=%22width: 50%;%22>\n<p><strong>Personen<\/strong><\/p>\n<p>bis maximal<\/p>\n<\/td>\n<td style=%22width: 50%;%22>3 Personen<\/td>\n<\/tr>\n<tr>\n<td style=%22width: 50%;%22>\n<p><strong>Preis<\/strong><\/p>\n<p>Pro Richtung<\/p>\n<\/td>\n<td style=%22width: 50%;%22><strong>60\u20ac<\/strong><\/td>\n<\/tr>\n<\/tbody>\n<\/table>&#8220; content_last_edited=&#8220;on|phone&#8220; _builder_version=&#8220;4.27.4&#8243; _module_preset=&#8220;default&#8220; text_font=&#8220;Montserrat||||||||&#8220; text_text_color=&#8220;#2D657F&#8220; text_font_size=&#8220;18px&#8220; width_tablet=&#8220;&#8220; width_phone=&#8220;98%&#8220; width_last_edited=&#8220;on|phone&#8220; hover_enabled=&#8220;0&#8243; module_alignment_tablet=&#8220;&#8220; module_alignment_phone=&#8220;&#8220; module_alignment_last_edited=&#8220;on|desktop&#8220; global_colors_info=&#8220;{}&#8220; sticky_enabled=&#8220;0&#8243;]<table border=\"1\" style=\"border-collapse: collapse; width: 100%;\">\n<tbody>\n<tr>\n<td style=\"width: 50%;\"><\/td>\n<td style=\"width: 50%;\"><strong>Limousine<\/strong><\/td>\n<\/tr>\n<tr>\n<td style=\"width: 50%;\">\n<p><strong>Handgep\u00e4ck<\/strong><\/p>\n<p>bis maximal<\/p>\n<\/td>\n<td style=\"width: 50%;\">2 Handgep\u00e4ck<\/td>\n<\/tr>\n<tr>\n<td style=\"width: 50%;\">\n<p><strong>Koffer<\/strong><\/p>\n<p>bis maximal<\/p>\n<\/td>\n<td style=\"width: 50%;\">2 Koffer<\/td>\n<\/tr>\n<tr>\n<td style=\"width: 50%;\">\n<p><strong>Personen<\/strong><\/p>\n<p>bis maximal<\/p>\n<\/td>\n<td style=\"width: 50%;\">3 Personen<\/td>\n<\/tr>\n<tr>\n<td style=\"width: 50%;\">\n<p><strong>Preis<\/strong><\/p>\n<p>Pro Richtung<\/p>\n<\/td>\n<td style=\"width: 50%;\"><strong>60\u20ac<\/strong><\/td>\n<\/tr>\n<\/tbody>\n<\/table>[\/et_pb_text][\/et_pb_column][et_pb_column type=&#8220;1_3&#8243; _builder_version=&#8220;4.27.4&#8243; _module_preset=&#8220;default&#8220; global_colors_info=&#8220;{}&#8220;][et_pb_text _builder_version=&#8220;4.27.4&#8243; _module_preset=&#8220;default&#8220; text_font=&#8220;Montserrat|500|||||||&#8220; text_text_color=&#8220;#2D657F&#8220; text_font_size=&#8220;18px&#8220; width_tablet=&#8220;&#8220; width_phone=&#8220;98%&#8220; width_last_edited=&#8220;on|phone&#8220; hover_enabled=&#8220;0&#8243; module_alignment_tablet=&#8220;&#8220; module_alignment_phone=&#8220;&#8220; module_alignment_last_edited=&#8220;on|desktop&#8220; global_colors_info=&#8220;{}&#8220; sticky_enabled=&#8220;0&#8243;]<table border=\"1\" style=\"border-collapse: collapse; width: 100%;\">\n<tbody>\n<tr>\n<td style=\"width: 50%;\"><\/td>\n<td style=\"width: 50%;\"><strong>Kombi<\/strong><\/td>\n<\/tr>\n<tr>\n<td style=\"width: 50%;\">\n<p><strong>Handgep\u00e4ck<\/strong><\/p>\n<p>bis maximal<\/p>\n<\/td>\n<td style=\"width: 50%;\">2 Handgep\u00e4ck<\/td>\n<\/tr>\n<tr>\n<td style=\"width: 50%;\">\n<p><strong>Koffer<\/strong><\/p>\n<p>bis maximal<\/p>\n<\/td>\n<td style=\"width: 50%;\">3 Koffer<\/td>\n<\/tr>\n<tr>\n<td style=\"width: 50%;\">\n<p><strong>Personen<\/strong><\/p>\n<p>bis maximal<\/p>\n<\/td>\n<td style=\"width: 50%;\">4 Personen<\/td>\n<\/tr>\n<tr>\n<td style=\"width: 50%;\">\n<p><strong>Preis<\/strong><\/p>\n<p>Pro Richtung<\/p>\n<\/td>\n<td style=\"width: 50%;\"><strong>65\u20ac<\/strong><\/td>\n<\/tr>\n<\/tbody>\n<\/table>[\/et_pb_text][\/et_pb_column][et_pb_column type=&#8220;1_3&#8243; _builder_version=&#8220;4.27.4&#8243; _module_preset=&#8220;default&#8220; global_colors_info=&#8220;{}&#8220;][et_pb_text _builder_version=&#8220;4.27.4&#8243; _module_preset=&#8220;default&#8220; text_font=&#8220;Montserrat|500|||||||&#8220; text_text_color=&#8220;#2D657F&#8220; text_font_size=&#8220;18px&#8220; width_tablet=&#8220;&#8220; width_phone=&#8220;98%&#8220; width_last_edited=&#8220;on|phone&#8220; hover_enabled=&#8220;0&#8243; module_alignment_tablet=&#8220;&#8220; module_alignment_phone=&#8220;&#8220; module_alignment_last_edited=&#8220;on|desktop&#8220; global_colors_info=&#8220;{}&#8220; sticky_enabled=&#8220;0&#8243;]<table border=\"1\" style=\"border-collapse: collapse; width: 100%;\">\n<tbody>\n<tr>\n<td style=\"width: 50%;\"><\/td>\n<td style=\"width: 50%;\"><strong>Van<\/strong><\/td>\n<\/tr>\n<tr>\n<td style=\"width: 50%;\">\n<p><strong>Handgep\u00e4ck<\/strong><\/p>\n<p>bis maximal<\/p>\n<\/td>\n<td style=\"width: 50%;\">8 Handgep\u00e4ck<\/td>\n<\/tr>\n<tr>\n<td style=\"width: 50%;\">\n<p><strong>Koffer<\/strong><\/p>\n<p>bis maximal<\/p>\n<\/td>\n<td style=\"width: 50%;\">8 Koffer<\/td>\n<\/tr>\n<tr>\n<td style=\"width: 50%;\">\n<p><strong>Personen<\/strong><\/p>\n<p>bis maximal<\/p>\n<\/td>\n<td style=\"width: 50%;\">8 Personen<\/td>\n<\/tr>\n<tr>\n<td style=\"width: 50%;\">\n<p><strong>Preis<\/strong><\/p>\n<p>Pro Richtung<\/p>\n<\/td>\n<td style=\"width: 50%;\"><strong>95\u20ac<\/strong><\/td>\n<\/tr>\n<\/tbody>\n<\/table>[\/et_pb_text][\/et_pb_column][\/et_pb_row][et_pb_row _builder_version=&#8220;4.27.4&#8243; _module_preset=&#8220;default&#8220; min_height=&#8220;87.8px&#8220; global_colors_info=&#8220;{}&#8220;][et_pb_column type=&#8220;4_4&#8243; _builder_version=&#8220;4.27.4&#8243; _module_preset=&#8220;default&#8220; global_colors_info=&#8220;{}&#8220;][et_pb_text _builder_version=&#8220;4.27.4&#8243; _module_preset=&#8220;default&#8220; text_font=&#8220;Montserrat|500|||||||&#8220; text_text_color=&#8220;#2D657F&#8220; text_font_size=&#8220;18px&#8220; text_orientation=&#8220;center&#8220; min_height=&#8220;44.8px&#8220; global_colors_info=&#8220;{}&#8220;]<p>&nbsp;<\/p>\n<p>\ud83d\udc49 <strong>Jetzt buchen<\/strong>\u00a0und sichern Sie sich Ihren zuverl\u00e4ssigen Flughafentransfer mit <strong data-start=\"2410\" data-end=\"2436\">ECO Flughafentaxi Wien<\/strong>!<\/p>[\/et_pb_text][\/et_pb_column][\/et_pb_row][et_pb_row _builder_version=&#8220;4.27.4&#8243; _module_preset=&#8220;default&#8220; global_colors_info=&#8220;{}&#8220;][et_pb_column type=&#8220;4_4&#8243; _builder_version=&#8220;4.27.4&#8243; _module_preset=&#8220;default&#8220; global_colors_info=&#8220;{}&#8220;][et_pb_button button_url=&#8220;https:\/\/www.eco-flughafentaxi-wien.at\/bestellen\/&#8220; button_text=&#8220;Jetzt Buchen&#8220; button_alignment=&#8220;center&#8220; _builder_version=&#8220;4.27.4&#8243; _module_preset=&#8220;default&#8220; custom_button=&#8220;on&#8220; button_text_size=&#8220;24px&#8220; button_text_color=&#8220;#FFFFFF&#8220; button_bg_color=&#8220;#9dd42e&#8220; button_border_radius=&#8220;12px&#8220; button_font=&#8220;Montserrat|600|||||||&#8220; animation_style=&#8220;slide&#8220; button_text_shadow_style=&#8220;preset3&#8243; box_shadow_style=&#8220;preset1&#8243; global_colors_info=&#8220;{}&#8220;][\/et_pb_button][\/et_pb_column][\/et_pb_row][et_pb_row _builder_version=&#8220;4.27.4&#8243; _module_preset=&#8220;default&#8220; width_tablet=&#8220;&#8220; width_phone=&#8220;90%&#8220; width_last_edited=&#8220;on|phone&#8220; global_colors_info=&#8220;{}&#8220;][et_pb_column type=&#8220;4_4&#8243; _builder_version=&#8220;4.27.4&#8243; _module_preset=&#8220;default&#8220; global_colors_info=&#8220;{}&#8220;][et_pb_image src=&#8220;https:\/\/www.eco-flughafentaxi-wien.at\/wp-content\/uploads\/2025\/06\/f3fbff-8-e1761540482607.png&#8220; alt=&#8220;Flughafentaxi Wien zum Fixpreis&#8220; align=&#8220;center&#8220; _builder_version=&#8220;4.27.4&#8243; _module_preset=&#8220;default&#8220; animation_style=&#8220;roll&#8220; global_colors_info=&#8220;{}&#8220;][\/et_pb_image][\/et_pb_column][\/et_pb_row][et_pb_row _builder_version=&#8220;4.27.4&#8243; _module_preset=&#8220;default&#8220; global_colors_info=&#8220;{}&#8220;][et_pb_column type=&#8220;4_4&#8243; _builder_version=&#8220;4.27.4&#8243; _module_preset=&#8220;default&#8220; global_colors_info=&#8220;{}&#8220;][et_pb_heading title=&#8220;Zahlungsmethoden&#8220; _builder_version=&#8220;4.27.4&#8243; _module_preset=&#8220;default&#8220; title_level=&#8220;h2&#8243; title_font=&#8220;Montserrat|700|||||||&#8220; title_text_align=&#8220;center&#8220; title_text_color=&#8220;#2D657F&#8220; global_colors_info=&#8220;{}&#8220;][\/et_pb_heading][et_pb_text _builder_version=&#8220;4.27.4&#8243; _module_preset=&#8220;default&#8220; text_font=&#8220;Montserrat|600|||||||&#8220; text_text_color=&#8220;#2D657F&#8220; text_font_size=&#8220;22px&#8220; text_orientation=&#8220;center&#8220; global_colors_info=&#8220;{}&#8220;]<p data-start=\"58\" data-end=\"70\">Barzahlung<\/p>\n<p data-start=\"58\" data-end=\"70\">Kreditkarten<\/p>[\/et_pb_text][\/et_pb_column][\/et_pb_row][et_pb_row _builder_version=&#8220;4.27.4&#8243; _module_preset=&#8220;default&#8220; width_tablet=&#8220;&#8220; width_phone=&#8220;90%&#8220; width_last_edited=&#8220;on|phone&#8220; custom_margin=&#8220;|auto|-1px|auto||&#8220; global_colors_info=&#8220;{}&#8220;][et_pb_column type=&#8220;4_4&#8243; _builder_version=&#8220;4.27.4&#8243; _module_preset=&#8220;default&#8220; global_colors_info=&#8220;{}&#8220;][et_pb_image src=&#8220;https:\/\/www.eco-flughafentaxi-wien.at\/wp-content\/uploads\/2025\/10\/Zahlungsmethoden-e1761537687569.png&#8220; alt=&#8220;Zahlungsmethoden&#8220; title_text=&#8220;Zahlungsmethoden&#8220; align=&#8220;center&#8220; align_tablet=&#8220;center&#8220; align_phone=&#8220;center&#8220; align_last_edited=&#8220;on|phone&#8220; _builder_version=&#8220;4.27.4&#8243; _module_preset=&#8220;default&#8220; animation_style=&#8220;zoom&#8220; global_colors_info=&#8220;{}&#8220;][\/et_pb_image][\/et_pb_column][\/et_pb_row][et_pb_row _builder_version=&#8220;4.27.4&#8243; _module_preset=&#8220;default&#8220; global_colors_info=&#8220;{}&#8220;][et_pb_column type=&#8220;4_4&#8243; _builder_version=&#8220;4.27.4&#8243; _module_preset=&#8220;default&#8220; global_colors_info=&#8220;{}&#8220;][et_pb_heading title=&#8220;Warum ECO Flughafentaxi Wien w\u00e4hlen?&#8220; _builder_version=&#8220;4.27.4&#8243; _module_preset=&#8220;default&#8220; title_level=&#8220;h2&#8243; title_font=&#8220;Montserrat|700|||||||&#8220; title_text_align=&#8220;center&#8220; title_text_color=&#8220;#2D657F&#8220; title_font_size=&#8220;32px&#8220; global_colors_info=&#8220;{}&#8220;][\/et_pb_heading][\/et_pb_column][\/et_pb_row][et_pb_row _builder_version=&#8220;4.27.4&#8243; _module_preset=&#8220;default&#8220; global_colors_info=&#8220;{}&#8220;][et_pb_column type=&#8220;4_4&#8243; _builder_version=&#8220;4.27.4&#8243; _module_preset=&#8220;default&#8220; global_colors_info=&#8220;{}&#8220;][et_pb_text _builder_version=&#8220;4.27.4&#8243; _module_preset=&#8220;default&#8220; text_font=&#8220;Montserrat||||||||&#8220; text_text_color=&#8220;#2D657F&#8220; text_font_size=&#8220;18px&#8220; header_font=&#8220;Poppins|500|||||||&#8220; header_text_color=&#8220;#000000&#8243; header_font_size=&#8220;32px&#8220; global_colors_info=&#8220;{}&#8220;]<ul>\n<li data-start=\"1404\" data-end=\"1476\">\ud83d\ude96 <strong data-start=\"1407\" data-end=\"1436\">Rund um die Uhr verf\u00fcgbar:<\/strong>\u00a024\/7 Service f\u00fcr Ihre Flexibilit\u00e4t.<\/li>\n<li data-start=\"1477\" data-end=\"1563\">\n<p data-start=\"1479\" data-end=\"1563\">\ud83d\udcb6 <strong data-start=\"1482\" data-end=\"1509\">Transparente Festpreise:<\/strong>\u00a0Keine versteckten Geb\u00fchren, keine \u00dcberraschungen.<\/p>\n<\/li>\n<li data-start=\"1564\" data-end=\"1632\">\n<p data-start=\"1566\" data-end=\"1632\">\ud83d\udd52 <strong data-start=\"1569\" data-end=\"1597\">P\u00fcnktlichkeit garantiert:<\/strong>\u00a0Wir sind immer rechtzeitig da.<\/p>\n<\/li>\n<li data-start=\"1633\" data-end=\"1708\">\n<p data-start=\"1635\" data-end=\"1708\">\ud83c\udf3f <strong data-start=\"1638\" data-end=\"1668\">Umweltfreundlich unterwegs:<\/strong>\u00a0Moderne, ECO-freundliche Fahrzeuge.<\/p>\n<\/li>\n<li data-start=\"1709\" data-end=\"1781\">\n<p data-start=\"1711\" data-end=\"1781\">\ud83d\udc68\u200d\u2708\ufe0f <strong data-start=\"1717\" data-end=\"1737\">Erfahrene Fahrer:<\/strong>\u00a0Freundlich, ortskundig und professionell.<\/p>\n<\/li>\n<\/ul>[\/et_pb_text][\/et_pb_column][\/et_pb_row][et_pb_row _builder_version=&#8220;4.27.4&#8243; _module_preset=&#8220;default&#8220; global_colors_info=&#8220;{}&#8220;][et_pb_column type=&#8220;4_4&#8243; _builder_version=&#8220;4.27.4&#8243; _module_preset=&#8220;default&#8220; global_colors_info=&#8220;{}&#8220;][et_pb_heading title=&#8220;Ihr stressfreier Flughafentransfer in Baden bei Wien&#8220; _builder_version=&#8220;4.27.4&#8243; _module_preset=&#8220;default&#8220; title_level=&#8220;h2&#8243; title_font=&#8220;Montserrat|700|||||||&#8220; title_text_align=&#8220;center&#8220; title_text_color=&#8220;#2D657F&#8220; title_font_size=&#8220;32px&#8220; global_colors_info=&#8220;{}&#8220;][\/et_pb_heading][\/et_pb_column][\/et_pb_row][et_pb_row _builder_version=&#8220;4.27.4&#8243; _module_preset=&#8220;default&#8220; global_colors_info=&#8220;{}&#8220;][et_pb_column type=&#8220;4_4&#8243; _builder_version=&#8220;4.27.4&#8243; _module_preset=&#8220;default&#8220; global_colors_info=&#8220;{}&#8220;][et_pb_text _builder_version=&#8220;4.27.4&#8243; _module_preset=&#8220;default&#8220; text_font=&#8220;Montserrat||||||||&#8220; text_text_color=&#8220;#2D657F&#8220; text_font_size=&#8220;18px&#8220; text_orientation=&#8220;center&#8220; global_colors_info=&#8220;{}&#8220;]<p>Die Buchung Ihres Flughafentaxis war noch nie so einfach!<br data-start=\"1907\" data-end=\"1910\" \/>Egal, ob Sie fr\u00fch morgens fliegen oder sp\u00e4t in der Nacht ankommen\u00a0 <strong data-start=\"1978\" data-end=\"2004\">ECO Flughafentaxi Wien<\/strong> ist jederzeit f\u00fcr Sie da.<br data-start=\"2030\" data-end=\"2033\" \/>Reservieren Sie Ihren Transfer einfach <strong data-start=\"2072\" data-end=\"2099\">online oder Webseite<\/strong>\u00a0und genie\u00dfen Sie eine <strong data-start=\"2122\" data-end=\"2166\">entspannte, sichere und p\u00fcnktliche Fahrt<\/strong>.<\/p>[\/et_pb_text][\/et_pb_column][\/et_pb_row][et_pb_row _builder_version=&#8220;4.27.4&#8243; _module_preset=&#8220;default&#8220; global_colors_info=&#8220;{}&#8220;][et_pb_column type=&#8220;4_4&#8243; _builder_version=&#8220;4.27.4&#8243; _module_preset=&#8220;default&#8220; global_colors_info=&#8220;{}&#8220;][et_pb_heading title=&#8220;Jetzt Ihr Flughafentaxi in 2500 Baden bei Wien buchen!&#8220; _builder_version=&#8220;4.27.4&#8243; _module_preset=&#8220;default&#8220; title_level=&#8220;h2&#8243; title_font=&#8220;Montserrat|700|||||||&#8220; title_text_align=&#8220;center&#8220; title_text_color=&#8220;#2D657F&#8220; title_font_size=&#8220;32px&#8220; global_colors_info=&#8220;{}&#8220;][\/et_pb_heading][\/et_pb_column][\/et_pb_row][et_pb_row _builder_version=&#8220;4.27.4&#8243; _module_preset=&#8220;default&#8220; global_colors_info=&#8220;{}&#8220;][et_pb_column type=&#8220;4_4&#8243; _builder_version=&#8220;4.27.4&#8243; _module_preset=&#8220;default&#8220; global_colors_info=&#8220;{}&#8220;][et_pb_text _builder_version=&#8220;4.27.4&#8243; _module_preset=&#8220;default&#8220; text_font=&#8220;Montserrat||||||||&#8220; text_text_color=&#8220;#2D657F&#8220; text_font_size=&#8220;18px&#8220; header_font=&#8220;Poppins|700|||||||&#8220; header_text_color=&#8220;#2A5366&#8243; header_2_text_color=&#8220;#2A5366&#8243; header_2_font_size=&#8220;32px&#8220; global_colors_info=&#8220;{}&#8220;]<p>\u2705 Komfortabler und sicherer Service<br data-start=\"2273\" data-end=\"2276\" \/>\u2705 24\/7 erreichbar<br data-start=\"2293\" data-end=\"2296\" \/>\u2705 Schnelle Online-Buchung<\/p>[\/et_pb_text][\/et_pb_column][\/et_pb_row][\/et_pb_section]\n","protected":false},"excerpt":{"rendered":"<p>Zum und vom Flughafen Flughafentaxi Baden zum\u00a0FixpreisWillkommen bei ECO Flughafentaxi Wien, Ihrem professionellen Partner f\u00fcr komfortable und p\u00fcnktliche Flughafentransfers in 2500 Baden bei Wien.Wir bieten Ihnen eine sichere, bequeme und preiswerte Fahrt zum und vom Flughafen Wien\u00a024 Stunden am Tag, 7 Tage die Woche.In Baden bei Wien und Umgebung bietet ECO Flughafentaxi Wien erstklassige, komfortable [&hellip;]<\/p>\n","protected":false},"author":1,"featured_media":0,"parent":0,"menu_order":0,"comment_status":"closed","ping_status":"closed","template":"","meta":{"_et_pb_use_builder":"on","_et_pb_old_content":"","_et_gb_content_width":"","footnotes":""},"class_list":["post-2167","page","type-page","status-publish","hentry"],"jetpack_sharing_enabled":true,"_links":{"self":[{"href":"https:\/\/www.eco-flughafentaxi-wien.at\/en\/wp-json\/wp\/v2\/pages\/2167","targetHints":{"allow":["GET"]}}],"collection":[{"href":"https:\/\/www.eco-flughafentaxi-wien.at\/en\/wp-json\/wp\/v2\/pages"}],"about":[{"href":"https:\/\/www.eco-flughafentaxi-wien.at\/en\/wp-json\/wp\/v2\/types\/page"}],"author":[{"embeddable":true,"href":"https:\/\/www.eco-flughafentaxi-wien.at\/en\/wp-json\/wp\/v2\/users\/1"}],"replies":[{"embeddable":true,"href":"https:\/\/www.eco-flughafentaxi-wien.at\/en\/wp-json\/wp\/v2\/comments?post=2167"}],"version-history":[{"count":41,"href":"https:\/\/www.eco-flughafentaxi-wien.at\/en\/wp-json\/wp\/v2\/pages\/2167\/revisions"}],"predecessor-version":[{"id":2416,"href":"https:\/\/www.eco-flughafentaxi-wien.at\/en\/wp-json\/wp\/v2\/pages\/2167\/revisions\/2416"}],"wp:attachment":[{"href":"https:\/\/www.eco-flughafentaxi-wien.at\/en\/wp-json\/wp\/v2\/media?parent=2167"}],"curies":[{"name":"wp","href":"https:\/\/api.w.org\/{rel}","templated":true}]}}